{"id":20,"date":"2015-06-11T19:36:26","date_gmt":"2015-06-11T17:36:26","guid":{"rendered":"http:\/\/annikabruhns.de\/?page_id=20"},"modified":"2026-02-26T10:31:15","modified_gmt":"2026-02-26T09:31:15","slug":"vita","status":"publish","type":"page","link":"http:\/\/annikabruhns.de\/en\/vita\/","title":{"rendered":"Vita"},"content":{"rendered":"[et_pb_section fb_built=&#8220;1&#8243; _builder_version=&#8220;4.14.7&#8243; _module_preset=&#8220;default&#8220; global_colors_info=&#8220;{}&#8220;][et_pb_row column_structure=&#8220;1_2,1_2&#8243; _builder_version=&#8220;4.14.7&#8243; _module_preset=&#8220;default&#8220; global_colors_info=&#8220;{}&#8220;][et_pb_column type=&#8220;1_2&#8243; _builder_version=&#8220;4.14.7&#8243; _module_preset=&#8220;default&#8220; global_colors_info=&#8220;{}&#8220;][et_pb_image src=&#8220;http:\/\/annikabruhns.de\/wp-content\/uploads\/annika-bruhns-portrait-2023-scaled.jpg&#8220; title_text=&#8220;annika-bruhns-portrait-2023&#8243; _builder_version=&#8220;4.14.7&#8243; _module_preset=&#8220;default&#8220; global_colors_info=&#8220;{}&#8220;][\/et_pb_image][\/et_pb_column][et_pb_column type=&#8220;1_2&#8243; _builder_version=&#8220;4.14.7&#8243; _module_preset=&#8220;default&#8220; global_colors_info=&#8220;{}&#8220;][et_pb_text _builder_version=&#8220;4.14.7&#8243; _module_preset=&#8220;default&#8220; header_text_color=&#8220;#f28705&#8243; global_colors_info=&#8220;{}&#8220;]\n<h1>Annika Bruhns<\/h1>\n[\/et_pb_text][et_pb_text _builder_version=&#8220;4.14.7&#8243; _module_preset=&#8220;default&#8220; custom_margin=&#8220;-21px|||||&#8220; global_colors_info=&#8220;{}&#8220;]\n<p>S\u00e4ngerin\/Musicaldarstellerin<br \/>mezzosoprano<\/p>\n<p><b>Jahrgang: <\/b>1966<br \/><b>Nationality: <\/b>German<br \/><b>Hair colour: <\/b>Blond<br \/><b>Augen:<\/b> Green<br \/><b>Height:<\/b> 173cm<br \/><b>Clothing size:<\/b> 40\/42<\/p>\n<p><b>Languages <\/b>English (Native speaker), Swedish (Basic knowledge)<br \/><b>Dialects: <\/b>Hamburgisch (Native dialect)<br \/><b>Singing:<\/b> Musical (professional), Operette (professional),<br \/>A cappella (professional), Rock\/Pop (professional), Folk (professional)<br \/><b>Instruments:<\/b> guitar (basic knowledge),<br \/>clarinet (basic knowledge), transverse flute (basic knowledge)<\/p>\n<p><b>F\u00fchrerschein:<\/b> Klasse B<\/p>\n<p><b>Accommodation possibilities: <\/b>Hamburg, Berlin, Bremen, D\u00fcsseldorf, Essen, Cologne, Munich, Stuttgart, Amsterdam, London, Tel Aviv<\/p>\n<p>&nbsp;<\/p>\n[\/et_pb_text][et_pb_button button_url=&#8220;http:\/\/annikabruhns.de\/wp-content\/uploads\/Annika-Bruhns_Vita_D_2026.pdf&#8220; button_text=&#8220;Download Vita&#8220; _builder_version=&#8220;4.14.7&#8243; _module_preset=&#8220;default&#8220; custom_button=&#8220;on&#8220; button_bg_color=&#8220;#f25c05&#8243; background_layout=&#8220;dark&#8220; hover_enabled=&#8220;0&#8243; global_colors_info=&#8220;{}&#8220; sticky_enabled=&#8220;0&#8243; url_new_window=&#8220;on&#8220;][\/et_pb_button][et_pb_button button_url=&#8220;http:\/\/annikabruhns.de\/wp-content\/uploads\/AnnikaBruhns_Vita_Film_D_2020.pdf&#8220; button_text=&#8220;Download Vita TV und Film&#8220; _builder_version=&#8220;4.14.7&#8243; _module_preset=&#8220;default&#8220; custom_button=&#8220;on&#8220; button_bg_color=&#8220;#f25c05&#8243; background_layout=&#8220;dark&#8220; hover_enabled=&#8220;0&#8243; global_colors_info=&#8220;{}&#8220; url_new_window=&#8220;on&#8220; sticky_enabled=&#8220;0&#8243;][\/et_pb_button][\/et_pb_column][\/et_pb_row][et_pb_row column_structure=&#8220;1_2,1_2&#8243; _builder_version=&#8220;4.14.7&#8243; _module_preset=&#8220;default&#8220; global_colors_info=&#8220;{}&#8220;][et_pb_column type=&#8220;1_2&#8243; _builder_version=&#8220;4.14.7&#8243; _module_preset=&#8220;default&#8220; global_colors_info=&#8220;{}&#8220;][et_pb_text _builder_version=&#8220;4.14.7&#8243; _module_preset=&#8220;default&#8220; hover_enabled=&#8220;0&#8243; global_colors_info=&#8220;{}&#8220; sticky_enabled=&#8220;0&#8243;]\n<h3>THEATER<span class=\"Apple-converted-space\">\u00a0<\/span><\/h3>\n<p><b><\/b><\/p>\n<p><b>2026<\/b><\/p>\n<p>KLASSENTREFFEN<br \/>(Boulevardtheater Dresden, Rolle: Petra Dietrich)<\/p>\n<p><b>2024<\/b><\/p>\n<p>DER MANN VON LA MANCHA<br \/>(Landgraf Tournee Produktion, Rolle: Aldonza)<b><\/b><\/p>\n<p><b>2022<\/b><\/p>\n<p>DER MANN VON LA MANCHA<br \/>(Landgraf Tournee Produktion, Rolle: Aldonza)<\/p>\n<p>GEZEITENWENDE \u2013 Die Sturmflut kommt (UA)<br \/>(Rothenburgsort, Hamburg, Rolle: \u00c4ltere Lisa)<\/p>\n<p><b>2018 &amp; 2019<\/b><b><\/b><\/p>\n<p>NIMMERWIEDERMEHR<span class=\"Apple-converted-space\">\u00a0<\/span>(UA)<br \/>(Rothenburgsort, Hamburg, Rolle: Herma)<b><\/b><\/p>\n[\/et_pb_text][\/et_pb_column][et_pb_column type=&#8220;1_2&#8243; _builder_version=&#8220;4.14.7&#8243; _module_preset=&#8220;default&#8220; global_colors_info=&#8220;{}&#8220;][et_pb_image src=&#8220;http:\/\/annikabruhns.de\/wp-content\/uploads\/100_2116.jpg&#8220; title_text=&#8220;100_2116&#8243; _builder_version=&#8220;4.14.7&#8243; _module_preset=&#8220;default&#8220; global_colors_info=&#8220;{}&#8220;][\/et_pb_image][\/et_pb_column][\/et_pb_row][et_pb_row column_structure=&#8220;1_2,1_2&#8243; _builder_version=&#8220;4.14.7&#8243; _module_preset=&#8220;default&#8220; global_colors_info=&#8220;{}&#8220;][et_pb_column type=&#8220;1_2&#8243; _builder_version=&#8220;4.14.7&#8243; _module_preset=&#8220;default&#8220; global_colors_info=&#8220;{}&#8220;][et_pb_text _builder_version=&#8220;4.14.7&#8243; _module_preset=&#8220;default&#8220; hover_enabled=&#8220;0&#8243; global_colors_info=&#8220;{}&#8220; sticky_enabled=&#8220;0&#8243;]\n<p><b>2014<\/b><b><\/b><\/p>\n<p>GEF\u00c4HRLICHE LIEBSCHAFTEN (UA)<br \/>(Domfestspiele Bad Gandersheim, Rolle: Marquise de Merteuil)<b><\/b><\/p>\n<p>RONJA R\u00c4UBERTOCHTER (UA)<br \/>(Domfestspiele Bad Gandersheim, Rolle: Lovis)<\/p>\n<p><b>2011<\/b><\/p>\n<p>HEISSE ZEITEN \u2013 WECHSELJAHRE<br \/>(Theaterschiff L\u00fcbeck, Rolle: Die Karrierefrau)<\/p>\n<p><b>2007-2010<\/b><b><\/b><\/p>\n<p>ICH WAR NOCH NIEMALS IN NEW YORK (UA)<br \/>(TUI Operettenhaus, Hamburg, Rolle: Alternate Lisa Wartberg)<b><\/b><\/p>\n<p><b>2002-2007<\/b><b><\/b><\/p>\n<p>MAMMA MIA!<br \/>(TUI Operettenhaus, Hamburg, Rolle: Alternate Donna)<b><\/b><\/p>\n[\/et_pb_text][\/et_pb_column][et_pb_column type=&#8220;1_2&#8243; _builder_version=&#8220;4.14.7&#8243; _module_preset=&#8220;default&#8220; global_colors_info=&#8220;{}&#8220;][et_pb_text _builder_version=&#8220;4.14.7&#8243; _module_preset=&#8220;default&#8220; hover_enabled=&#8220;0&#8243; global_colors_info=&#8220;{}&#8220; sticky_enabled=&#8220;0&#8243;]\n<p><b>2003<\/b><b><\/b><\/p>\n<p>WEST SIDE STORY<br \/>(Deutsche Oper am Rhein, D\u00fcsseldorf, Rolle: Anita)<\/p>\n<p><b>2002<\/b><\/p>\n<p>JESUS CHRIST SUPERSTAR<br \/>(Freilichtspiele Schw\u00e4bisch Hall, Rolle: Maria Magdalena)<b><\/b><\/p>\n<p>CHESS<br \/>(Staatstheater Kassel, Rolle: Florence)<b><\/b><\/p>\n<p><b>2001<\/b><b><\/b><\/p>\n<p>JESUS CHRIST SUPERSTAR<br \/>(Freilichtspiele Schw\u00e4bisch Hall, Rolle: Maria Magdalena)<b><\/b><\/p>\n<p>Elisabeth<br \/>(Colosseum Theater, Essen, Rolle: Ludovica\/Fr.Wolf, Alternate Elisabeth)<b><\/b><\/p>\n<p><b>2000<\/b><\/p>\n<p>FMA (FALCO MEETS AMADEUS) (UA)<br \/>(Theater des Westens, Berlin, Rolle: Tod\/Kommissar (Hauptrolle))<\/p>\n[\/et_pb_text][\/et_pb_column][\/et_pb_row][et_pb_row column_structure=&#8220;1_2,1_2&#8243; _builder_version=&#8220;4.14.7&#8243; _module_preset=&#8220;default&#8220; global_colors_info=&#8220;{}&#8220;][et_pb_column type=&#8220;1_2&#8243; _builder_version=&#8220;4.14.7&#8243; _module_preset=&#8220;default&#8220; global_colors_info=&#8220;{}&#8220;][et_pb_image src=&#8220;http:\/\/annikabruhns.de\/wp-content\/uploads\/BRR-Lucy.jpg&#8220; title_text=&#8220;BRR-Lucy&#8220; _builder_version=&#8220;4.14.7&#8243; _module_preset=&#8220;default&#8220; global_colors_info=&#8220;{}&#8220;][\/et_pb_image][\/et_pb_column][et_pb_column type=&#8220;1_2&#8243; _builder_version=&#8220;4.14.7&#8243; _module_preset=&#8220;default&#8220; global_colors_info=&#8220;{}&#8220;][et_pb_text _builder_version=&#8220;4.14.7&#8243; _module_preset=&#8220;default&#8220; global_colors_info=&#8220;{}&#8220;]\n<p><b>1999-2000<\/b><\/p>\n<p>ALADDIN (UA)<br \/>(Theater Aachen, Rolle: Jasmin)<\/p>\n<p><b>1999<\/b><b><\/b><\/p>\n<p>PEGGY \u2013 THE COUNTRY MUSICAL (UA)<br \/>(Star Theater, Hamburg, Rolle: Peggy)<\/p>\n<p>ADAM UND EVA (UA)<br \/>(Theater Aachen, Rolle: Rosa (Die \u00bbSchlange\u00ab))<\/p>\n<p><b>1998<\/b><\/p>\n<p>BLOOD RED ROSES (UA)<br \/>(Theater Aachen, Rolle: Lucy)<b><\/b><\/p>\n<p>GAUD\u00cd<br \/>(Musical Dome, K\u00f6ln, Rolle: Isabella)<\/p>\n[\/et_pb_text][\/et_pb_column][\/et_pb_row][et_pb_row column_structure=&#8220;1_2,1_2&#8243; _builder_version=&#8220;4.14.7&#8243; _module_preset=&#8220;default&#8220; custom_padding=&#8220;0px|||||&#8220; global_colors_info=&#8220;{}&#8220;][et_pb_column type=&#8220;1_2&#8243; _builder_version=&#8220;4.14.7&#8243; _module_preset=&#8220;default&#8220; global_colors_info=&#8220;{}&#8220;][et_pb_text _builder_version=&#8220;4.14.7&#8243; _module_preset=&#8220;default&#8220; global_colors_info=&#8220;{}&#8220;]\n<p><b>1996-1997<\/b><b><\/b><\/p>\n<p>GAMBLER (UA)<br \/>(Musicalb\u00fchne M\u00f6nchengladbach, Rolle: Das Showgirl (Hauptrolle))<\/p>\n<p><b>1995-1996<\/b><\/p>\n<p>GAUD\u00cd<br \/>(Musical Dome, K\u00f6ln, Rolle: Isabella)<\/p>\n<p><b>1995<\/b><\/p>\n<p>LE CIRQUE OFFENBACH (UA)<br \/>(Schmidt Theater, Hamburg, Rolle: Hauptrolle)<\/p>\n<p>CABARET<br \/>(Bad Hersfelder Festspiele, Rolle: Frl. Kost)<b><\/b><\/p>\n<p>DIE DELPHI DOLLS (UA)<br \/>(Delphi Showpalast, Hamburg, Rolle: Hauptrolle)<\/p>\n[\/et_pb_text][\/et_pb_column][et_pb_column type=&#8220;1_2&#8243; _builder_version=&#8220;4.14.7&#8243; _module_preset=&#8220;default&#8220; global_colors_info=&#8220;{}&#8220;][et_pb_image src=&#8220;http:\/\/annikabruhns.de\/wp-content\/uploads\/Die-Delphi-Dolls-1.jpg&#8220; title_text=&#8220;Die-Delphi-Dolls&#8220; _builder_version=&#8220;4.14.7&#8243; _module_preset=&#8220;default&#8220; global_colors_info=&#8220;{}&#8220;][\/et_pb_image][\/et_pb_column][\/et_pb_row][et_pb_row column_structure=&#8220;1_2,1_2&#8243; _builder_version=&#8220;4.14.7&#8243; _module_preset=&#8220;default&#8220; custom_padding=&#8220;0px|||||&#8220; global_colors_info=&#8220;{}&#8220;][et_pb_column type=&#8220;1_2&#8243; _builder_version=&#8220;4.14.7&#8243; _module_preset=&#8220;default&#8220; global_colors_info=&#8220;{}&#8220;][et_pb_text _builder_version=&#8220;4.14.7&#8243; _module_preset=&#8220;default&#8220; global_colors_info=&#8220;{}&#8220;]\n<p><b>1994-1995<\/b><\/p>\n<p>LA CAGE AUX FOLLES<br \/>(Delphi Showpalast, Hamburg, Rolle: Cagelle, Cover Mdme. Dindon)<b><\/b><\/p>\n<p><b>1994<\/b><\/p>\n<p>EVITA<br \/>(Freilichtspiele Schw\u00e4bisch Hall, Rolle: Eva Peron)<b><\/b><\/p>\n<p><b>1993<\/b><\/p>\n<p>BEEHIVE<br \/>(Mehr! Theater am Gro\u00dfmarkt, Hamburg, Rolle: Hauptrolle)<\/p>\n<p>EVITA<br \/>(Freilichtspiele Schw\u00e4bisch Hall, Rolle: Eva Peron)<\/p>\n[\/et_pb_text][\/et_pb_column][et_pb_column type=&#8220;1_2&#8243; _builder_version=&#8220;4.14.7&#8243; _module_preset=&#8220;default&#8220; global_colors_info=&#8220;{}&#8220;][et_pb_text _builder_version=&#8220;4.14.7&#8243; _module_preset=&#8220;default&#8220; global_colors_info=&#8220;{}&#8220;]\n<p><b>1992-1993<\/b><\/p>\n<p>NON(N)SENSE<br \/>(Theater Hof, Rolle: Schwester Robert Anne)<b><\/b><\/p>\n<p><b>1992<\/b><b><\/b><\/p>\n<p>NON(N)SENSE<br \/>(Die Kom\u00f6die, Frankfurt am Main, Rolle: Schwester Robert Anne)<\/p>\n<p><b>1991-1992<\/b><\/p>\n<p>STARMANIA (UA)<br \/>(Aalto-Musiktheater, Essen, Rolle: Cristal)<\/p>\n<p><b>1991<\/b><\/p>\n<p>JESUS CHRIST SUPERSTAR<br \/>(Freilichtspiele Schw\u00e4bisch Hall, Rolle: Soul Girl, Maria Magdalena)<\/p>\n[\/et_pb_text][\/et_pb_column][\/et_pb_row][et_pb_row column_structure=&#8220;1_2,1_2&#8243; _builder_version=&#8220;4.14.7&#8243; _module_preset=&#8220;default&#8220; custom_padding=&#8220;0px|||||&#8220; global_colors_info=&#8220;{}&#8220;][et_pb_column type=&#8220;1_2&#8243; _builder_version=&#8220;4.14.7&#8243; _module_preset=&#8220;default&#8220; global_colors_info=&#8220;{}&#8220;][et_pb_image src=&#8220;http:\/\/annikabruhns.de\/wp-content\/uploads\/Annika-Bruhns-EVITA.jpg&#8220; title_text=&#8220;Annika-Bruhns-EVITA&#8220; _builder_version=&#8220;4.14.7&#8243; _module_preset=&#8220;default&#8220; global_colors_info=&#8220;{}&#8220;][\/et_pb_image][\/et_pb_column][et_pb_column type=&#8220;1_2&#8243; _builder_version=&#8220;4.14.7&#8243; _module_preset=&#8220;default&#8220; global_colors_info=&#8220;{}&#8220;][et_pb_text _builder_version=&#8220;4.14.7&#8243; _module_preset=&#8220;default&#8220; global_colors_info=&#8220;{}&#8220;]\n<p><b>1990-1991<\/b><\/p>\n<p>HAPPY END<br \/>(M\u00fcnchner Tournee Theater\/ Theater Heilbronn, Rolle: Mary, Ensemble)<\/p>\n<p><b>1990<\/b><b><\/b><\/p>\n<p>DEUTSCHLANDLIED REVUE<br \/>(Sartory-S\u00e4le, K\u00f6ln, Rolle: Hauptrolle)<\/p>\n<p><b>1988-1990<\/b><\/p>\n<p>LES MIS\u00c9RABLES<br \/>(Raimund Theater, Wien, Rolle: Fabrikarbeiterin, Cover Eponine)<\/p>\n<p>&nbsp;<\/p>\n[\/et_pb_text][\/et_pb_column][\/et_pb_row][et_pb_row column_structure=&#8220;1_2,1_2&#8243; _builder_version=&#8220;4.14.7&#8243; _module_preset=&#8220;default&#8220; custom_padding=&#8220;53px|||||&#8220; global_colors_info=&#8220;{}&#8220;][et_pb_column type=&#8220;1_2&#8243; _builder_version=&#8220;4.14.7&#8243; _module_preset=&#8220;default&#8220; global_colors_info=&#8220;{}&#8220;][et_pb_text _builder_version=&#8220;4.14.7&#8243; _module_preset=&#8220;default&#8220; global_colors_info=&#8220;{}&#8220;]\n<h3>FERNSEHEN\/FILM<\/h3>\n<p><b><\/b><\/p>\n<p><b>2019<\/b><\/p>\n<p>The Sapling (engl)<br \/>(Stuttgart, Rolle: Sandra)<\/p>\n<p><b>2007<\/b><b><\/b><\/p>\n<p>DER RUF DER BERGE, Teil 2<br \/>(ARD\/DEGETO, Rolle: Frau Hallbach)<b><\/b><\/p>\n<p><b>1998<\/b><b><\/b><\/p>\n<p>GEGEN DEN WIND (Folge 43)<br \/>(Bavaria Film GmbH\/ARD, Rolle: Gastrolle)<b><\/b><\/p>\n<p><b>1997<\/b><b><\/b><\/p>\n<p>GROSSSTADTREVIER (Folge 95)<br \/>(Studio Hamburg; Prod.\/NDR, Rolle: Yvonne)<\/p>\n<p><b>1995<\/b><\/p>\n<p>WOLKEN AM HORIZONT (Voices In The Summer)<br \/>(Rosamunde Pilcher, Frankfurter Filmproduktion\/ZDF, Rolle: Kristie)<\/p>\n[\/et_pb_text][\/et_pb_column][et_pb_column type=&#8220;1_2&#8243; _builder_version=&#8220;4.14.7&#8243; _module_preset=&#8220;default&#8220; global_colors_info=&#8220;{}&#8220;][et_pb_text _builder_version=&#8220;4.14.7&#8243; _module_preset=&#8220;default&#8220; global_colors_info=&#8220;{}&#8220;]\n<p><b><\/b><\/p>\n<p><b><\/b><\/p>\n<p><b><\/b><\/p>\n<p><b>1994-1995<\/b><b><\/b><\/p>\n<p>DIE DELPHI DOLLS<br \/>((6 Live Musical TV Shows) NDR\/N3, Rolle: Hauptrolle)<b><\/b><\/p>\n<p><b>1994<\/b><b><\/b><\/p>\n<p>ON THE ROAD<br \/>(European Broadcasting Union\/ZDF, Rolle: Anna (Die Frau) Hauptrolle)<\/p>\n<p><b>1992<\/b><b><\/b><\/p>\n<p>DIE HELLA VON SINNEN SHOW (Folge 5)<br \/>(Power TV\/Filmpool, RTL, Rolle: Jasmin)<\/p>\n<p><b>1989<\/b><b><\/b><\/p>\n<p>BALDUR BLAUZAHN<br \/>(Serie von Wolfgang Menge (Folgen 4, 6, 7, 10, 11, 13) Bavaria Film GmbH\/WDR, Rolle: Sieglinde)<\/p>\n[\/et_pb_text][\/et_pb_column][\/et_pb_row][et_pb_row column_structure=&#8220;1_2,1_2&#8243; _builder_version=&#8220;4.14.7&#8243; _module_preset=&#8220;default&#8220; custom_padding=&#8220;51px|||||&#8220; global_colors_info=&#8220;{}&#8220;][et_pb_column type=&#8220;1_2&#8243; _builder_version=&#8220;4.14.7&#8243; _module_preset=&#8220;default&#8220; global_colors_info=&#8220;{}&#8220;][et_pb_text _builder_version=&#8220;4.14.7&#8243; _module_preset=&#8220;default&#8220; hover_enabled=&#8220;0&#8243; global_colors_info=&#8220;{}&#8220; sticky_enabled=&#8220;0&#8243;]\n<h3>VERSCHIEDENES<\/h3>\n<p><b>2025\/26<br \/><\/b>Konzertreihe<br \/>EIN ABEND MIT DEN SONGS VON \u2026<br \/>2025 Alan Menken<br \/>2026 Andrew Lloyd Webber<br \/>Solistin \u2013 Produziert vom Itzehoer Theater<\/p>\n<p><b>2025<br \/><\/b>ANNIKA BRUHNS \u2013 A LIFE ON STAGE<br \/>Soloabend mit Geschichten und Songs aus meinem Leben<br \/>Sprache: Englisch<br \/>English Theatre of Hamburg, M\u00e4rz 2025<\/p>\n<p><b>2024<br \/><\/b>CLARENCE SQUARE<br \/>Musical von Alice Gillham<br \/>&#8211; Urauff\u00fchrung &#8211;<br \/>Szenische Le<span>sung, Rolle: Mrs. Ainsley, Gallissas Theaterverlag und Mediaagentur GmbH, Wintergarten Variete, Berlin<\/span><\/p>\n[\/et_pb_text][\/et_pb_column][et_pb_column type=&#8220;1_2&#8243; _builder_version=&#8220;4.14.7&#8243; _module_preset=&#8220;default&#8220; global_colors_info=&#8220;{}&#8220;][et_pb_image src=&#8220;http:\/\/annikabruhns.de\/wp-content\/uploads\/Merci-Cherie-by-Stephan-Drewianka-Web-25.jpg&#8220; title_text=&#8220;Merci-Cherie-by-Stephan-Drewianka-Web-25&#8243; _builder_version=&#8220;4.14.7&#8243; _module_preset=&#8220;default&#8220; global_colors_info=&#8220;{}&#8220;][\/et_pb_image][\/et_pb_column][\/et_pb_row][et_pb_row column_structure=&#8220;1_2,1_2&#8243; _builder_version=&#8220;4.14.7&#8243; _module_preset=&#8220;default&#8220; custom_padding=&#8220;0px|||||&#8220; global_colors_info=&#8220;{}&#8220;][et_pb_column type=&#8220;1_2&#8243; _builder_version=&#8220;4.14.7&#8243; _module_preset=&#8220;default&#8220; global_colors_info=&#8220;{}&#8220;][et_pb_text _builder_version=&#8220;4.14.7&#8243; _module_preset=&#8220;default&#8220; hover_enabled=&#8220;0&#8243; global_colors_info=&#8220;{}&#8220; sticky_enabled=&#8220;0&#8243;]\n<p><b>2013-2018<\/b><\/p>\n<p>Privater Auslandsaufenthalt<br \/>(G\u00e4vle, Schweden)<\/p>\n<p><b>2016-2017<\/b><b><\/b><\/p>\n<p>MERCI CH\u00c9RIE \u2013 Die sch\u00f6nsten Lieder und Chansons von Udo J\u00fcrgens<br \/>(S\u00e4ngerin, Sound Of Music Tour\/Semmel Concerts Entertainment GmbH, Deutschland &amp; \u00d6sterreich)<\/p>\n<p>&nbsp;<\/p>\n<p>ANNIKA BRUHNS UND BAND<br \/>(7 Mitglieder; Musical, Pop, Rock und Eigenkompositionen)<\/p>\n<p><b>2010<\/b><\/p>\n<p>STILL FRIENDS<br \/>(Galakonzert-Tour mit Pia Douwes, 12-k\u00f6pfige Band)<\/p>\n<p><b>seit 2009<\/b><\/p>\n<p>ASPECTS OF ANDREW LLOYD WEBBER<br \/>(S\u00e4ngerin, Sound of Music Tour, Deutschland &amp; \u00d6sterreich)<\/p>\n<p>GALAKONZERTE<br \/>(Piano und Gesang, bisher in Deutschland, Schweiz, Ungarn, Thailand, Gro\u00dfbritannien, Spanien, Portugal und Schweden)<b><\/b><\/p>\n[\/et_pb_text][\/et_pb_column][et_pb_column type=&#8220;1_2&#8243; _builder_version=&#8220;4.14.7&#8243; _module_preset=&#8220;default&#8220; global_colors_info=&#8220;{}&#8220;][et_pb_text _builder_version=&#8220;4.14.7&#8243; _module_preset=&#8220;default&#8220; global_colors_info=&#8220;{}&#8220;]\n<p><b>1999<\/b><\/p>\n<p>ANDREW LLOYD WEBBER GALA TOURNEE<br \/>(Solistin (Sunset Boulevard, Cats, Song &amp; Dance), Deutschland, Schweiz, D\u00e4nemark)<\/p>\n<p><b>1993<\/b><b><\/b><\/p>\n<p>TWO SIDES TO A STORY<br \/>(Neues Theater Hamburg, Eigene Show Premiere 7. November 1993)<\/p>\n<p><b><\/b><\/p>\n<p><b>Synchronsprecherin<\/b><br \/>F\u00fcr Filme, Werbung, Zeichentrickfilme, Serien (s. Liste)<\/p>\n<p><b><\/b><\/p>\n<p><b>Dozentin f\u00fcr Musical Theater<\/b><\/p>\n<p>Gesang, Liedinterpretation<br \/><strong>2004\u20132013<\/strong>\u00a0 \u00a0Joop van den Ende Academy (Stage Entertainment),<br \/><strong>2011\u20132013<\/strong>\u00a0 \u00a0 Hamburg School of Entertainment<\/p>\n[\/et_pb_text][\/et_pb_column][\/et_pb_row][et_pb_row column_structure=&#8220;1_2,1_2&#8243; _builder_version=&#8220;4.14.7&#8243; _module_preset=&#8220;default&#8220; custom_padding=&#8220;56px|||||&#8220; global_colors_info=&#8220;{}&#8220;][et_pb_column type=&#8220;1_2&#8243; _builder_version=&#8220;4.14.7&#8243; _module_preset=&#8220;default&#8220; global_colors_info=&#8220;{}&#8220;][et_pb_text _builder_version=&#8220;4.14.7&#8243; _module_preset=&#8220;default&#8220; global_colors_info=&#8220;{}&#8220;]\n<h3>DISKOGRAFIE<\/h3>\n<p><b><\/b><\/p>\n<p><b>2020<\/b><\/p>\n<p>NIMMERWIEDERMEHR\u00a0(Original Cast, \u201cHerma\u201d)<\/p>\n<p><b>2017<\/b><b><\/b><\/p>\n<p>MERCI CH\u00c9RIE \u2013 Die sch\u00f6nsten Lieder und Chansons von Udo J\u00fcrgens\u00a0(Original Tour Cast, Solistin,)<b><\/b><\/p>\n<p><b>2010<\/b><b><\/b><\/p>\n<p>ANNIKA\u00a0(Soloalbum, original music, written &amp; produced by Paul Glaser)<b><\/b><\/p>\n<p><b>2009<\/b><b><\/b><\/p>\n<p>MUSICAL EMOTIONS\u00a0(Solistin, Sony Music)<\/p>\n<p><b>2007<\/b><b><\/b><\/p>\n<p>ICH WAR NOCH NIEMALS IN NEW YORK\u00a0(Original Cast Recording, Ensemble)<\/p>\n<p><b>2006<\/b><b><\/b><\/p>\n<p>STAGE UNITED\u00a0(\u00bbEngel fliegen schneller\u00ab, Benefit \u00bbSternenbr\u00fccke\u00ab)<\/p>\n<p>MUSICAL STARS VOL. 2\u00a0(Solistin (Elisabeth, Mamma Mia!), Sony Music)<\/p>\n[\/et_pb_text][\/et_pb_column][et_pb_column type=&#8220;1_2&#8243; _builder_version=&#8220;4.14.7&#8243; _module_preset=&#8220;default&#8220; global_colors_info=&#8220;{}&#8220;][et_pb_image src=&#8220;http:\/\/annikabruhns.de\/wp-content\/uploads\/2015\/06\/11-When-Innocence-Ends-mp3-image.jpg&#8220; _builder_version=&#8220;4.14.7&#8243; _module_preset=&#8220;default&#8220; global_colors_info=&#8220;{}&#8220;][\/et_pb_image][\/et_pb_column][\/et_pb_row][et_pb_row column_structure=&#8220;1_2,1_2&#8243; _builder_version=&#8220;4.14.7&#8243; _module_preset=&#8220;default&#8220; custom_padding=&#8220;0px|||||&#8220; global_colors_info=&#8220;{}&#8220;][et_pb_column type=&#8220;1_2&#8243; _builder_version=&#8220;4.14.7&#8243; _module_preset=&#8220;default&#8220; global_colors_info=&#8220;{}&#8220;][et_pb_text _builder_version=&#8220;4.14.7&#8243; _module_preset=&#8220;default&#8220; global_colors_info=&#8220;{}&#8220;]\n<p><b>2005<\/b><b><\/b><\/p>\n<p>MUSICAL STARS VOL. 1<span class=\"Apple-converted-space\">\u00a0<\/span>(Solistin (Mamma Mia!, Peggy), Sony Music)<\/p>\n<p><b>2004<\/b><b><\/b><\/p>\n<p>CHRISTMAS STORIES\u00a0(Solistin)<\/p>\n<p>MUSICALSTARS SINGEN ABBA-HITS\u00a0(Solistin)<\/p>\n<p>MAMMA MIA!\u00a0(German Cast Recording, Ensemble)<\/p>\n<p><b>2003<\/b><\/p>\n<p>THE MUSICALS OF KUNZE &amp; LEVAY \u2013 VOL. 2 (Solistin (Elisabeth))<\/p>\n<p><b>2002<\/b><\/p>\n<p>THE MUSICALS OF KUNZE &amp; LEVAY \u2013 VOL. 1\u00a0(Solistin (Elisabeth)<\/p>\n[\/et_pb_text][\/et_pb_column][et_pb_column type=&#8220;1_2&#8243; _builder_version=&#8220;4.14.7&#8243; _module_preset=&#8220;default&#8220; global_colors_info=&#8220;{}&#8220;][et_pb_text _builder_version=&#8220;4.14.7&#8243; _module_preset=&#8220;default&#8220; global_colors_info=&#8220;{}&#8220;]\n<p><b>2001<\/b><\/p>\n<p>ELISABETH\u00a0(Original Cast Recording)<\/p>\n<p><b>2000<\/b><\/p>\n<p>FMA\u00a0(Original Cast Recording)<\/p>\n<p>PEGGY\u00a0(Original Cast Recording)<\/p>\n<p><b>1998<\/b><\/p>\n<p>BLOOD RED ROSES\u00a0(Original Cast Recording (Maxi CD))<\/p>\n<p><b>1997<\/b><\/p>\n<p>GAMBLER (Original Cast Recordin)<\/p>\n[\/et_pb_text][\/et_pb_column][\/et_pb_row][et_pb_row column_structure=&#8220;1_2,1_2&#8243; _builder_version=&#8220;4.14.7&#8243; _module_preset=&#8220;default&#8220; min_height=&#8220;241px&#8220; custom_margin=&#8220;27px|auto||auto||&#8220; global_colors_info=&#8220;{}&#8220;][et_pb_column type=&#8220;1_2&#8243; _builder_version=&#8220;4.14.7&#8243; _module_preset=&#8220;default&#8220; global_colors_info=&#8220;{}&#8220;][et_pb_text _builder_version=&#8220;4.14.7&#8243; _module_preset=&#8220;default&#8220; global_colors_info=&#8220;{}&#8220;]\n<h3><span role=\"presentation\" dir=\"ltr\">OFF<\/span><span role=\"presentation\" dir=\"ltr\">&#8211;<\/span><span role=\"presentation\" dir=\"ltr\">OFF BROADWAY AMDA, NEW YORK CITY, USA<\/span><\/h3>\n<p><b><\/b><\/p>\n<p>DIE M\u00d6WE (Tschechov) \u2013 Rolle: Nina<br \/>CABARET (Showcase) \u2013 Rolle: Hauptrolle<br \/>CHARLES STROUSE REVIEW \u2013 Rolle: Hauptrolle<br \/>HOLDING HANDS \u2013 Rolle: Mary<br \/>WAR OF THE WORLDS \u2013 Rolle: Radiosprecher<br \/>UNDER MILK WOOD \u2013 Rolle: Polly Garter<\/p>\n[\/et_pb_text][\/et_pb_column][et_pb_column type=&#8220;1_2&#8243; _builder_version=&#8220;4.14.7&#8243; _module_preset=&#8220;default&#8220; global_colors_info=&#8220;{}&#8220;][et_pb_text _builder_version=&#8220;4.14.7&#8243; _module_preset=&#8220;default&#8220; global_colors_info=&#8220;{}&#8220;]\n<h3>AUSBILDUNG<b><\/b><\/h3>\n<p><b><\/b><\/p>\n<p><b>2019<\/b><span class=\"Apple-tab-span\"> <\/span>Weiterbildung \u201eF\u00fcr den Film\u201c<b><\/b><\/p>\n<p><b>1986-1988<\/b><span class=\"Apple-tab-span\"> <\/span>American Musical and Dramatic Academy <span class=\"Apple-tab-span\"> <\/span>(AMDA), NYC, USA<br \/><span class=\"Apple-tab-span\"> <\/span>Abschlussdiplom Meisterklasse (3 Jahre in<br \/><span class=\"Apple-tab-span\"> <\/span>2 Jahren absolviert)<\/p>\n<p><b>1984-1986<\/b><span class=\"Apple-tab-span\"> <\/span>Connecticut College, New London, CT, USA, <span class=\"Apple-tab-span\"> <\/span>Studienfach Gesang<\/p>\n<p><b>1980-1984<\/b><span class=\"Apple-tab-span\"> <\/span>Anglican School, Jerusalem, Israel, Abitur <span class=\"Apple-tab-span\"> <\/span>(Deutsch, Geschichte), mit Auszeichnung<\/p>\n[\/et_pb_text][\/et_pb_column][\/et_pb_row][\/et_pb_section]","protected":false},"excerpt":{"rendered":"<p>Annika BruhnsS\u00e4ngerin\/MusicaldarstellerinMezzosopran (C bis A\u2018\u2018) Jahrgang: 1966Nationalit\u00e4t: DeutschHaare: BlondAugen: Gr\u00fcnGr\u00f6\u00dfe: 173cmKonfektion: 40\/42 Sprachen: Englisch (Muttersprache), Schwedisch (Grundkenntnisse)Dialekt: DE \u2013 Hamburgisch (Heimatdialekt)Gesang: Musical (professionell), Operette (professionell),A cappella (professionell), Rock\/Pop (professionell), Folk (professionell)Instrumente: Gitarre (akustisch) (Grundkenntnisse),Klarinette (Grundkenntnisse), Querfl\u00f6te (Grundkenntnisse) F\u00fchrerschein: Klasse B Wohnm\u00f6glichkeiten: Hamburg, Berlin, Bremen, D\u00fcsseldorf, Essen, K\u00f6ln, M\u00fcnchen, Stuttgart, Amsterdam, London, Tel Aviv &nbsp;THEATER\u00a0 2026 [&hellip;]<\/p>","protected":false},"author":1,"featured_media":0,"parent":0,"menu_order":0,"comment_status":"closed","ping_status":"closed","template":"","meta":{"_et_pb_use_builder":"on","_et_pb_old_content":"<!--:de-->&nbsp;\r\n\r\n<a href=\"http:\/\/annikabruhns.de\/wp-content\/uploads\/AnnikaBruhns_Vita_D_2020.pdf\" rel=\"noopener\" target=\"_blank\">Vita Annika Bruhns herunterladen<\/a>\r\n\r\n<a href=\"http:\/\/annikabruhns.de\/wp-content\/uploads\/AnnikaBruhns_Vita_Film_D_2020.pdf\">Vita Annika Bruhns (TV & Film) herunterladen<\/a><!--:--><!--:en-->\r\n<a href=\"http:\/\/annikabruhns.de\/wp-content\/uploads\/AnnikaBruhns_Resume_E_2020.pdf\">Download Annika Bruhns resume<\/a>\r\n\r\n<a href=\"http:\/\/annikabruhns.de\/wp-content\/uploads\/AnnikaBruhns_Resume_TV_E_2020.pdf\">Download Annika Bruhns resume (Film & TV)<\/a><!--:-->","_et_gb_content_width":"","ngg_post_thumbnail":0},"aioseo_notices":[],"_links":{"self":[{"href":"http:\/\/annikabruhns.de\/en\/wp-json\/wp\/v2\/pages\/20"}],"collection":[{"href":"http:\/\/annikabruhns.de\/en\/wp-json\/wp\/v2\/pages"}],"about":[{"href":"http:\/\/annikabruhns.de\/en\/wp-json\/wp\/v2\/types\/page"}],"author":[{"embeddable":true,"href":"http:\/\/annikabruhns.de\/en\/wp-json\/wp\/v2\/users\/1"}],"replies":[{"embeddable":true,"href":"http:\/\/annikabruhns.de\/en\/wp-json\/wp\/v2\/comments?post=20"}],"version-history":[{"count":62,"href":"http:\/\/annikabruhns.de\/en\/wp-json\/wp\/v2\/pages\/20\/revisions"}],"predecessor-version":[{"id":1596,"href":"http:\/\/annikabruhns.de\/en\/wp-json\/wp\/v2\/pages\/20\/revisions\/1596"}],"wp:attachment":[{"href":"http:\/\/annikabruhns.de\/en\/wp-json\/wp\/v2\/media?parent=20"}],"curies":[{"name":"wp","href":"https:\/\/api.w.org\/{rel}","templated":true}]}}