{"id":86,"date":"2015-06-11T20:05:35","date_gmt":"2015-06-11T18:05:35","guid":{"rendered":"http:\/\/annikabruhns.de\/?page_id=86"},"modified":"2022-02-17T16:32:20","modified_gmt":"2022-02-17T15:32:20","slug":"impressum","status":"publish","type":"page","link":"http:\/\/annikabruhns.de\/en\/impressum\/","title":{"rendered":"Impressum"},"content":{"rendered":"[et_pb_section fb_built=&#8220;1&#8243; _builder_version=&#8220;3.22&#8243; global_colors_info=&#8220;{}&#8220;][et_pb_row _builder_version=&#8220;4.14.7&#8243; _module_preset=&#8220;default&#8220;][et_pb_column _builder_version=&#8220;4.14.7&#8243; _module_preset=&#8220;default&#8220; type=&#8220;4_4&#8243;][et_pb_text _builder_version=&#8220;4.14.7&#8243; _module_preset=&#8220;default&#8220; hover_enabled=&#8220;0&#8243; sticky_enabled=&#8220;0&#8243;]\n<h3>Annika Bruhns<br \/><span style=\"color: #000000;\"><\/span><\/h3>\n<p><em><span style=\"color: #000000;\"><a style=\"color: #000000;\" href=\"mailto:info@annikabruhns.de\">info@annikabruhns.de<\/a><\/span><\/em><\/p>\n<p><span style=\"color: #000000;\"><\/span><\/p>\n<h3>Haftungsausschluss<\/h3>\n<p><strong>Haftung f\u00fcr Inhalte<\/strong><\/p>\n<p>Als Diensteanbieter ist der Autor\u00a0gem\u00e4\u00df \u00a7 7 Abs.1 TMG f\u00fcr eigene Inhalte auf diesen Seiten nach den allgemeinen Gesetzen verantwortlich. Nach \u00a7\u00a7 8 bis 10 TMG ist der Autor\u00a0als Diensteanbieter jedoch nicht verpflichtet, \u00fcbermittelte oder gespeicherte fremde Informationen zu \u00fcberwachen oder nach Umst\u00e4nden zu forschen, die auf eine rechtswidrige T\u00e4tigkeit hinweisen. Verpflichtungen zur Entfernung oder Sperrung der Nutzung von Informationen nach den allgemeinen Gesetzen bleiben hiervon unber\u00fchrt. Eine diesbez\u00fcgliche Haftung ist jedoch erst ab dem Zeitpunkt der Kenntnis einer konkreten Rechtsverletzung m\u00f6glich. Bei Bekanntwerden von entsprechenden Rechtsverletzungen werden wir diese Inhalte umgehend entfernen.<\/p>\n<p><strong>Haftung f\u00fcr Links<\/strong><\/p>\n<p>Das \u00a0Angebot des Autors enth\u00e4lt Links zu externen Webseiten Dritter, auf deren Inhalte der Autor\u00a0keinen Einfluss hat. Deshalb kann der Autor\u00a0f\u00fcr diese fremden Inhalte auch keine Gew\u00e4hr \u00fcbernehmen. F\u00fcr die Inhalte der verlinkten Seiten ist stets der jeweilige Anbieter oder Betreiber der Seiten verantwortlich. Die verlinkten Seiten wurden zum Zeitpunkt der Verlinkung auf m\u00f6gliche Rechtsverst\u00f6\u00dfe \u00fcberpr\u00fcft. Rechtswidrige Inhalte waren zum Zeitpunkt der Verlinkung nicht erkennbar. Eine permanente inhaltliche Kontrolle der verlinkten Seiten ist jedoch ohne konkrete Anhaltspunkte einer Rechtsverletzung nicht zumutbar. Bei Bekanntwerden von Rechtsverletzungen wird der Autor\u00a0derartige Links umgehend entfernen.<\/p>\n<p><strong>Urheberrecht<\/strong><\/p>\n<p>Die durch die Seitenbetreiber erstellten Inhalte und Werke auf diesen Seiten unterliegen dem deutschen Urheberrecht. Die Vervielf\u00e4ltigung, Bearbeitung, Verbreitung und jede Art der Verwertung au\u00dferhalb der Grenzen des Urheberrechtes bed\u00fcrfen der schriftlichen Zustimmung des jeweiligen Autors bzw. Erstellers. Downloads und Kopien dieser Seite sind nur f\u00fcr den privaten, nicht kommerziellen Gebrauch gestattet. Soweit die Inhalte auf dieser Seite nicht vom Betreiber erstellt wurden, werden die Urheberrechte Dritter beachtet. Insbesondere werden Inhalte Dritter als solche gekennzeichnet. Sollten Sie trotzdem auf eine Urheberrechtsverletzung aufmerksam werden, bitten wir um einen entsprechenden Hinweis. Bei Bekanntwerden von Rechtsverletzungen werden wir derartige Inhalte umgehend entfernen.<\/p>\n<p>&nbsp;<\/p>\n<p>&nbsp;<\/p>\n<h2>Datenschutzerkl\u00e4rung:<\/h2>\n<p><strong>Datenschutz<\/strong><\/p>\n<p>Der Betreiber dieser Seiten nimmt den Schutz Ihrer pers\u00f6nlichen Daten sehr ernst. Er\u00a0behandelt Ihre personenbezogenen Daten vertraulich und entsprechend der gesetzlichen Datenschutzvorschriften sowie dieser Datenschutzerkl\u00e4rung.<\/p>\n<p>Die Nutzung unserer Webseite ist in der Regel ohne Angabe personenbezogener Daten m\u00f6glich. Soweit auf unseren Seiten personenbezogene Daten (beispielsweise Name, Anschrift oder E-Mail-Adressen) erhoben werden, erfolgt dies, soweit m\u00f6glich, stets auf freiwilliger Basis. Diese Daten werden ohne Ihre ausdr\u00fcckliche Zustimmung nicht an Dritte weitergegeben.<\/p>\n<p>Der Autor weist\u00a0darauf hin, dass die Daten\u00fcbertragung im Internet (z.B. bei der Kommunikation per E-Mail) Sicherheitsl\u00fccken aufweisen kann. Ein l\u00fcckenloser Schutz der Daten vor dem Zugriff durch Dritte ist nicht m\u00f6glich.<\/p>\n<p><strong>Datenschutzerkl\u00e4rung f\u00fcr die Nutzung von Facebook-Plugins (Like-Button)<\/strong><\/p>\n<p>Auf den\u00a0Seiten des Autors sind Plugins des sozialen Netzwerks Facebook, Anbieter Facebook Inc., 1 Hacker Way, Menlo Park, California 94025, USA, integriert. Die Facebook-Plugins erkennen Sie an dem Facebook-Logo oder dem &#8222;Like-Button&#8220; (&#8222;Gef\u00e4llt mir&#8220;) auf unserer Seite. Eine \u00dcbersicht \u00fcber die Facebook-Plugins finden Sie hier:\u00a0<a href=\"http:\/\/developers.facebook.com\/docs\/plugins\/\">http:\/\/developers.facebook.com\/docs\/plugins\/<\/a>.<\/p>\n<p>Wenn Sie die\u00a0Seiten des Autors besuchen, wird \u00fcber das Plugin eine direkte Verbindung zwischen Ihrem Browser und dem Facebook-Server hergestellt. Facebook erh\u00e4lt dadurch die Information, dass Sie mit Ihrer IP-Adresse unsere Seite besucht haben. Wenn Sie den Facebook &#8222;Like-Button&#8220; anklicken w\u00e4hrend Sie in Ihrem Facebook-Account eingeloggt sind, k\u00f6nnen Sie die Inhalte unserer Seiten auf Ihrem Facebook-Profil verlinken. Dadurch kann Facebook den Besuch der\u00a0Seiten des Autors Ihrem Benutzerkonto zuordnen. Der Autor\u00a0weist darauf hin, dass er\u00a0als Anbieter der Seiten keine Kenntnis vom Inhalt der \u00fcbermittelten Daten sowie deren Nutzung durch Facebook erhalten. Weitere Informationen hierzu finden Sie in der Datenschutzerkl\u00e4rung von Facebook unter\u00a0<a href=\"http:\/\/de-de.facebook.com\/policy.php\">http:\/\/de-de.facebook.com\/policy.php<\/a>.<\/p>\n<p>Wenn Sie nicht w\u00fcnschen, dass Facebook den Besuch unserer Seiten Ihrem Facebook- Nutzerkonto zuordnen kann, loggen Sie sich bitte aus Ihrem Facebook-Benutzerkonto aus.<\/p>\n<p><strong>Datenschutzerkl\u00e4rung f\u00fcr die Nutzung von YouTube<\/strong><\/p>\n<p>Die Webseite des Autors nutzt Plugins der von Google betriebenen Seite YouTube. Betreiber der Seiten ist die YouTube, LLC, 901 Cherry Ave., San Bruno, CA 94066, USA. Wenn Sie eine unserer mit einem YouTube-Plugin ausgestatteten Seiten besuchen, wird eine Verbindung zu den Servern von YouTube hergestellt. Dabei wird dem Youtube-Server mitgeteilt, welche unserer Seiten Sie besucht haben.<br \/>Wenn Sie in Ihrem YouTube-Account eingeloggt sind erm\u00f6glichen Sie YouTube, Ihr Surfverhalten direkt Ihrem pers\u00f6nlichen Profil zuzuordnen. Dies k\u00f6nnen Sie verhindern, indem Sie sich aus Ihrem YouTube-Account ausloggen.<\/p>\n<p>Weitere Informationen zum Umgang von Nutzerdaten finden Sie in der Datenschutzerkl\u00e4rung von YouTube unter\u00a0<a href=\"https:\/\/www.google.de\/intl\/de\/policies\/privacy\">https:\/\/www.google.de\/intl\/de\/policies\/privacy<\/a><\/p>\n<p>Quelle: Disclaimer von eRecht24, dem Portal zum Internetrecht von Rechtsanwalt S\u00f6ren Siebert.<\/p>\n<p class=\"paragraph_style_1\">[\/et_pb_text][\/et_pb_column][\/et_pb_row][\/et_pb_section]","protected":false},"excerpt":{"rendered":"<p>Annika Bruhns info@annikabruhns.de Haftungsausschluss Haftung f\u00fcr Inhalte Als Diensteanbieter ist der Autor\u00a0gem\u00e4\u00df \u00a7 7 Abs.1 TMG f\u00fcr eigene Inhalte auf diesen Seiten nach den allgemeinen Gesetzen verantwortlich. Nach \u00a7\u00a7 8 bis 10 TMG ist der Autor\u00a0als Diensteanbieter jedoch nicht verpflichtet, \u00fcbermittelte oder gespeicherte fremde Informationen zu \u00fcberwachen oder nach Umst\u00e4nden zu forschen, die auf eine [&hellip;]<\/p>","protected":false},"author":1,"featured_media":0,"parent":0,"menu_order":0,"comment_status":"closed","ping_status":"closed","template":"","meta":{"_et_pb_use_builder":"on","_et_pb_old_content":"<!--:de-->Annika Bruhns\nc\/o M. Metsch\nWilhelmstra\u00dfe 1\n68723 Plankstadt\n<span style=\"color: #000000;\"><a style=\"color: #000000;\" href=\"mailto:info@annikabruhns.de\">info@annikabruhns.de<\/a><\/span>\n<h3>Haftungsausschluss<\/h3>\n<strong>Haftung f\u00fcr Inhalte<\/strong>\n\nAls Diensteanbieter ist der Autor&nbsp;gem\u00e4\u00df \u00a7 7 Abs.1 TMG f\u00fcr eigene Inhalte auf diesen Seiten nach den allgemeinen Gesetzen verantwortlich. Nach \u00a7\u00a7 8 bis 10 TMG ist der Autor&nbsp;als Diensteanbieter jedoch nicht verpflichtet, \u00fcbermittelte oder gespeicherte fremde Informationen zu \u00fcberwachen oder nach Umst\u00e4nden zu forschen, die auf eine rechtswidrige T\u00e4tigkeit hinweisen. Verpflichtungen zur Entfernung oder Sperrung der Nutzung von Informationen nach den allgemeinen Gesetzen bleiben hiervon unber\u00fchrt. Eine diesbez\u00fcgliche Haftung ist jedoch erst ab dem Zeitpunkt der Kenntnis einer konkreten Rechtsverletzung m\u00f6glich. Bei Bekanntwerden von entsprechenden Rechtsverletzungen werden wir diese Inhalte umgehend entfernen.\n\n<strong>Haftung f\u00fcr Links<\/strong>\n\nDas &nbsp;Angebot des Autors enth\u00e4lt Links zu externen Webseiten Dritter, auf deren Inhalte der Autor&nbsp;keinen Einfluss hat. Deshalb kann der Autor&nbsp;f\u00fcr diese fremden Inhalte auch keine Gew\u00e4hr \u00fcbernehmen. F\u00fcr die Inhalte der verlinkten Seiten ist stets der jeweilige Anbieter oder Betreiber der Seiten verantwortlich. Die verlinkten Seiten wurden zum Zeitpunkt der Verlinkung auf m\u00f6gliche Rechtsverst\u00f6\u00dfe \u00fcberpr\u00fcft. Rechtswidrige Inhalte waren zum Zeitpunkt der Verlinkung nicht erkennbar. Eine permanente inhaltliche Kontrolle der verlinkten Seiten ist jedoch ohne konkrete Anhaltspunkte einer Rechtsverletzung nicht zumutbar. Bei Bekanntwerden von Rechtsverletzungen wird der Autor&nbsp;derartige Links umgehend entfernen.\n\n<strong>Urheberrecht<\/strong>\n\nDie durch die Seitenbetreiber erstellten Inhalte und Werke auf diesen Seiten unterliegen dem deutschen Urheberrecht. Die Vervielf\u00e4ltigung, Bearbeitung, Verbreitung und jede Art der Verwertung au\u00dferhalb der Grenzen des Urheberrechtes bed\u00fcrfen der schriftlichen Zustimmung des jeweiligen Autors bzw. Erstellers. Downloads und Kopien dieser Seite sind nur f\u00fcr den privaten, nicht kommerziellen Gebrauch gestattet. Soweit die Inhalte auf dieser Seite nicht vom Betreiber erstellt wurden, werden die Urheberrechte Dritter beachtet. Insbesondere werden Inhalte Dritter als solche gekennzeichnet. Sollten Sie trotzdem auf eine Urheberrechtsverletzung aufmerksam werden, bitten wir um einen entsprechenden Hinweis. Bei Bekanntwerden von Rechtsverletzungen werden wir derartige Inhalte umgehend entfernen.\n<h2>Datenschutzerkl\u00e4rung:<\/h2>\n<strong>Datenschutz<\/strong>\n\nDer Betreiber dieser Seiten nimmt den Schutz Ihrer pers\u00f6nlichen Daten sehr ernst. Er&nbsp;behandelt Ihre personenbezogenen Daten vertraulich und entsprechend der gesetzlichen Datenschutzvorschriften sowie dieser Datenschutzerkl\u00e4rung.\n\nDie Nutzung unserer Webseite ist in der Regel ohne Angabe personenbezogener Daten m\u00f6glich. Soweit auf unseren Seiten personenbezogene Daten (beispielsweise Name, Anschrift oder E-Mail-Adressen) erhoben werden, erfolgt dies, soweit m\u00f6glich, stets auf freiwilliger Basis. Diese Daten werden ohne Ihre ausdr\u00fcckliche Zustimmung nicht an Dritte weitergegeben.\n\nDer Autor weist&nbsp;darauf hin, dass die Daten\u00fcbertragung im Internet (z.B. bei der Kommunikation per E-Mail) Sicherheitsl\u00fccken aufweisen kann. Ein l\u00fcckenloser Schutz der Daten vor dem Zugriff durch Dritte ist nicht m\u00f6glich.\n\n<strong>Datenschutzerkl\u00e4rung f\u00fcr die Nutzung von Facebook-Plugins (Like-Button)<\/strong>\n\nAuf den&nbsp;Seiten des Autors sind Plugins des sozialen Netzwerks Facebook, Anbieter Facebook Inc., 1 Hacker Way, Menlo Park, California 94025, USA, integriert. Die Facebook-Plugins erkennen Sie an dem Facebook-Logo oder dem \"Like-Button\" (\"Gef\u00e4llt mir\") auf unserer Seite. Eine \u00dcbersicht \u00fcber die Facebook-Plugins finden Sie hier:&nbsp;<a href=\"http:\/\/developers.facebook.com\/docs\/plugins\/\">http:\/\/developers.facebook.com\/docs\/plugins\/<\/a>.\n\nWenn Sie die&nbsp;Seiten des Autors besuchen, wird \u00fcber das Plugin eine direkte Verbindung zwischen Ihrem Browser und dem Facebook-Server hergestellt. Facebook erh\u00e4lt dadurch die Information, dass Sie mit Ihrer IP-Adresse unsere Seite besucht haben. Wenn Sie den Facebook \"Like-Button\" anklicken w\u00e4hrend Sie in Ihrem Facebook-Account eingeloggt sind, k\u00f6nnen Sie die Inhalte unserer Seiten auf Ihrem Facebook-Profil verlinken. Dadurch kann Facebook den Besuch der&nbsp;Seiten des Autors Ihrem Benutzerkonto zuordnen. Der Autor&nbsp;weist darauf hin, dass er&nbsp;als Anbieter der Seiten keine Kenntnis vom Inhalt der \u00fcbermittelten Daten sowie deren Nutzung durch Facebook erhalten. Weitere Informationen hierzu finden Sie in der Datenschutzerkl\u00e4rung von Facebook unter&nbsp;<a href=\"http:\/\/de-de.facebook.com\/policy.php\">http:\/\/de-de.facebook.com\/policy.php<\/a>.\n\nWenn Sie nicht w\u00fcnschen, dass Facebook den Besuch unserer Seiten Ihrem Facebook- Nutzerkonto zuordnen kann, loggen Sie sich bitte aus Ihrem Facebook-Benutzerkonto aus.\n\n<strong>Datenschutzerkl\u00e4rung f\u00fcr die Nutzung von YouTube<\/strong>\n\nDie Webseite des Autors nutzt Plugins der von Google betriebenen Seite YouTube. Betreiber der Seiten ist die YouTube, LLC, 901 Cherry Ave., San Bruno, CA 94066, USA. Wenn Sie eine unserer mit einem YouTube-Plugin ausgestatteten Seiten besuchen, wird eine Verbindung zu den Servern von YouTube hergestellt. Dabei wird dem Youtube-Server mitgeteilt, welche unserer Seiten Sie besucht haben.\nWenn Sie in Ihrem YouTube-Account eingeloggt sind erm\u00f6glichen Sie YouTube, Ihr Surfverhalten direkt Ihrem pers\u00f6nlichen Profil zuzuordnen. Dies k\u00f6nnen Sie verhindern, indem Sie sich aus Ihrem YouTube-Account ausloggen.\n\nWeitere Informationen zum Umgang von Nutzerdaten finden Sie in der Datenschutzerkl\u00e4rung von YouTube unter&nbsp;<a href=\"https:\/\/www.google.de\/intl\/de\/policies\/privacy\">https:\/\/www.google.de\/intl\/de\/policies\/privacy<\/a>\n\nQuelle: Disclaimer von eRecht24, dem Portal zum Internetrecht von Rechtsanwalt S\u00f6ren Siebert.<!--:--><!--:en-->Annika Bruhns\nc\/o M. Metsch\nWilhelmstra\u00dfe 1\n68723 Plankstadt\n<a style=\"color: #000000;\" href=\"mailto:info@annikabruhns.de\">info@annikabruhns.de<\/a>\n<p class=\"paragraph_style_1\">Disclaimer<\/p>\n<p class=\"paragraph_style_1\">1. Content\nThe author reserves the right not to be responsible for the topicality, correctness, completeness or quality of the information provided. Liability claims regarding damage caused by the use of any information provided, including any kind of information which is incomplete or incorrect,will therefore be rejected.\nAll offers are not-binding and without obligation. Parts of the pages or the complete publication including all offers and information might be extended, changed or partly or completely deleted by the author without separate announcement.<\/p>\n<p class=\"paragraph_style_1\">2. Referrals and links\nThe author is not responsible for any contents linked or referred to from his pages - unless he has full knowledge of illegal contents and would be able to prevent the visitors of his site from viewing those pages. If any damage occurs by the use of information presented there, only the author of the respective pages might be liable, not the one who has linked to these pages. Furthermore the author is not liable for any postings or messages published by users of discussion boards, guestbooks or mailing lists provided on his page.<\/p>\n<p class=\"paragraph_style_1\">3. Copyright\nThe author intended not to use any copyrighted material for the publication or, if not possible, to indicate the copyright of the respective object.\nThe copyright for any material created by the author is reserved. Any duplication or use of objects such as images, diagrams, sounds or texts in other electronic or printed publications is not permitted without the author's agreement.<\/p>\n<p class=\"paragraph_style_1\">4. Privacy policy\nIf the opportunity for the input of personal or business data (email addresses, name, addresses) is given, the input of these data takes place voluntarily. The use and payment of all offered services are permitted - if and so far technically possible and reasonable - without specification of any personal data or under specification of anonymized data or an alias. The use of published postal addresses, telephone or fax numbers and email addresses for marketing purposes is prohibited, offenders sending unwanted spam messages will be punished.<\/p>\n<p class=\"paragraph_style_1\">5. Legal validity of this disclaimer\nThis disclaimer is to be regarded as part of the internet publication which you were referred from. If sections or individual terms of this statement are not legal or correct, the content or validity of the other parts remain uninfluenced by this fact.<\/p>\n6.Use of Facebook components\nOur website uses so called Social Plugins (\u201ePlugins) of the social network facebook.com, which is operated by Facebook Inc., 1601 S. California Ave, Palo Alto, CA 94304, USA (\u201cFacebook\u201d).&nbsp;The plugins are identifiable by one of the Facebook logos (white \u201cf\u201d on a blue background or a \u201cthump-up\u201d sign) or are identified by the phrase \u201cFacebook Social Plugin\u201d. The list and the look of Facebook Social Plugins can be found here:&nbsp;<a href=\"http:\/\/developers.facebook.com\/plugins\" target=\"_blank\">developers.facebook.com\/plugins<\/a>.&nbsp;Purpose and detail of the data assessment and the further use and analysis of the Data through Facebook and your thus related personal rights and control functions to protect your private data can be found in the data disclaimer of Facebook: &nbsp;<a href=\"http:\/\/www.facebook.com\/policy.php\" target=\"_blank\">www.facebook.com\/policy.php<\/a>.&nbsp;If you are a member of Facebook and do not want Facebook to collect your data via our website and stores it in relationship to your Facebook member account, you will need to log out of Facebook prior to the visit of our website and you may also have to delete any related cookies stored locally by Facebook.&nbsp;Furthermore it is possible to block the data generation of Facebook Plug-ins by using browser add-ons such as \u201eFacebook Blocker\u201c\n<p class=\"paragraph_style_1\"><\/p>\n<!--:-->","_et_gb_content_width":"","ngg_post_thumbnail":0},"aioseo_notices":[],"_links":{"self":[{"href":"http:\/\/annikabruhns.de\/en\/wp-json\/wp\/v2\/pages\/86"}],"collection":[{"href":"http:\/\/annikabruhns.de\/en\/wp-json\/wp\/v2\/pages"}],"about":[{"href":"http:\/\/annikabruhns.de\/en\/wp-json\/wp\/v2\/types\/page"}],"author":[{"embeddable":true,"href":"http:\/\/annikabruhns.de\/en\/wp-json\/wp\/v2\/users\/1"}],"replies":[{"embeddable":true,"href":"http:\/\/annikabruhns.de\/en\/wp-json\/wp\/v2\/comments?post=86"}],"version-history":[{"count":9,"href":"http:\/\/annikabruhns.de\/en\/wp-json\/wp\/v2\/pages\/86\/revisions"}],"predecessor-version":[{"id":1059,"href":"http:\/\/annikabruhns.de\/en\/wp-json\/wp\/v2\/pages\/86\/revisions\/1059"}],"wp:attachment":[{"href":"http:\/\/annikabruhns.de\/en\/wp-json\/wp\/v2\/media?parent=86"}],"curies":[{"name":"wp","href":"https:\/\/api.w.org\/{rel}","templated":true}]}}